{"id":707,"date":"2020-10-29T20:59:47","date_gmt":"2020-10-29T19:59:47","guid":{"rendered":"https:\/\/felimanavocatparis.wordpress.com\/?page_id=707"},"modified":"2026-02-21T13:04:24","modified_gmt":"2026-02-21T12:04:24","slug":"accueil","status":"publish","type":"page","link":"https:\/\/felimanavocat.com\/","title":{"rendered":"Page unique"},"content":{"rendered":"\n<div class=\"wp-block-cover alignfull has-primary-background-color is-position-center-center\" style=\"min-height:380px\" id=\"Pr\u00e9sentation\"><img loading=\"lazy\" width=\"750\" height=\"422\" class=\"wp-block-cover__image-background wp-image-1414\" alt=\"\" src=\"https:\/\/i0.wp.com\/felimanavocat.com\/wp-content\/uploads\/2020\/10\/pexels-photo-3105066.jpeg?resize=750%2C422&#038;ssl=1\" style=\"object-position:22% 20%\" data-object-fit=\"cover\" data-object-position=\"22% 20%\" srcset=\"https:\/\/i0.wp.com\/felimanavocat.com\/wp-content\/uploads\/2020\/10\/pexels-photo-3105066.jpeg?w=1880&amp;ssl=1 1880w, https:\/\/i0.wp.com\/felimanavocat.com\/wp-content\/uploads\/2020\/10\/pexels-photo-3105066.jpeg?resize=300%2C169&amp;ssl=1 300w, https:\/\/i0.wp.com\/felimanavocat.com\/wp-content\/uploads\/2020\/10\/pexels-photo-3105066.jpeg?resize=1024%2C576&amp;ssl=1 1024w, https:\/\/i0.wp.com\/felimanavocat.com\/wp-content\/uploads\/2020\/10\/pexels-photo-3105066.jpeg?resize=768%2C432&amp;ssl=1 768w, https:\/\/i0.wp.com\/felimanavocat.com\/wp-content\/uploads\/2020\/10\/pexels-photo-3105066.jpeg?resize=1536%2C864&amp;ssl=1 1536w, https:\/\/i0.wp.com\/felimanavocat.com\/wp-content\/uploads\/2020\/10\/pexels-photo-3105066.jpeg?resize=1568%2C882&amp;ssl=1 1568w\" sizes=\"(max-width: 750px) 100vw, 750px\" data-recalc-dims=\"1\" \/><div class=\"wp-block-cover__inner-container\">\n<div style=\"height:34px\" aria-hidden=\"true\" class=\"wp-block-spacer\"><\/div>\n\n\n\n<div style=\"height:20px\" aria-hidden=\"true\" class=\"wp-block-spacer\"><\/div>\n\n\n\n<div style=\"height:20px\" aria-hidden=\"true\" class=\"wp-block-spacer\"><\/div>\n\n\n\n<hr class=\"wp-block-separator\"\/>\n\n\n\n<h1 class=\"has-text-align-center\" style=\"font-size:40px\">Pr\u00e9sentation<\/h1>\n\n\n\n<hr class=\"wp-block-separator\"\/>\n\n\n\n<p><\/p>\n<\/div><\/div>\n\n\n\n<div class=\"wp-block-media-text alignwide has-media-on-the-right is-stacked-on-mobile is-vertically-aligned-center\" style=\"grid-template-columns:auto 26%\"><figure class=\"wp-block-media-text__media\"><img loading=\"lazy\" width=\"453\" height=\"631\" src=\"https:\/\/i1.wp.com\/felimanavocat.com\/wp-content\/uploads\/2020\/12\/Photo-site-transformee.png?resize=453%2C631&#038;ssl=1\" alt=\"\" class=\"wp-image-2492 size-full\" srcset=\"https:\/\/i1.wp.com\/felimanavocat.com\/wp-content\/uploads\/2020\/12\/Photo-site-transformee.png?w=453&amp;ssl=1 453w, https:\/\/i1.wp.com\/felimanavocat.com\/wp-content\/uploads\/2020\/12\/Photo-site-transformee.png?resize=215%2C300&amp;ssl=1 215w\" sizes=\"(max-width: 453px) 100vw, 453px\" data-recalc-dims=\"1\" \/><\/figure><div class=\"wp-block-media-text__content\">\n<p class=\"has-drop-cap has-foreground-dark-color has-text-color has-normal-font-size\">Forte d\u2019une exp\u00e9rience de plus de 20 ann\u00e9es dans des cabinets fran\u00e7ais et internationaux de premier plan (EY Soci\u00e9t\u00e9 d\u2019avocats, Bird &amp; Bird, DS Avocats, CMS Francis Lefebvre), Rebecca Feliman, avocate fiscaliste, a cr\u00e9\u00e9 le cabinet FELIMAN AVOCAT qui intervient dans les domaines de la fiscalit\u00e9 personnelle et patrimoniale pour une client\u00e8le fran\u00e7aise et \u00e9trang\u00e8re.<\/p>\n\n\n\n<p class=\"has-normal-font-size\">Rebecca Feliman intervient aussi dans le domaine de la fiscalit\u00e9 courante des entreprises dirig\u00e9es par ses clients et s\u2019occupe \u00e9galement des relations avec l\u2019administration fiscale dans le cadre d\u2019une assistance \u00e0 contr\u00f4le et contentieux fiscal.<\/p>\n\n\n\n<p>Rebecca Feliman est membre de l\u2019Institut des Avocats Conseils Fiscaux (IACF) et de la Fondation Nationale Droit du Patrimoine (FDNP).<\/p>\n<\/div><\/div>\n\n\n\n<div class=\"wp-block-cover alignfull has-primary-background-color has-background-dim has-parallax is-position-center-center\" style=\"background-image:url(https:\/\/felimanavocat.com\/wp-content\/uploads\/2020\/11\/Screenshot_20201104_153159.jpg);min-height:380px\" id=\"Expertise\"><div class=\"wp-block-cover__inner-container\">\n<div style=\"height:20px\" aria-hidden=\"true\" id=\"Expertises\" class=\"wp-block-spacer\"><\/div>\n\n\n\n<div style=\"height:20px\" aria-hidden=\"true\" class=\"wp-block-spacer\"><\/div>\n\n\n\n<hr class=\"wp-block-separator\"\/>\n\n\n\n<h1 class=\"has-text-align-center\" style=\"font-size:40px\">Domaines d&#8217;expertise<\/h1>\n\n\n\n<hr class=\"wp-block-separator\"\/>\n<\/div><\/div>\n\n\n\n<div class=\"wp-block-columns alignwide has-foreground-dark-color has-text-color has-background\" id=\"fiscalit\u00e9-personnelle\" style=\"background-color:#ffffff\">\n<div class=\"wp-block-column is-vertically-aligned-center\">\n<p><\/p>\n\n\n\n<h2 class=\"has-text-align-left has-text-align-center margin-top-none\" style=\"font-size:30px;line-height:1.2\"><strong>Fiscalit\u00e9 personnelle et patrimoniale<\/strong><\/h2>\n\n\n\n<p><\/p>\n<\/div>\n\n\n\n<div class=\"wp-block-column is-vertically-aligned-center\" style=\"flex-basis:75.3%\">\n<blockquote class=\"wp-block-quote is-style-default\" id=\"Fiscalite-personnelle\"><p>Audit de votre situation patrimoniale<\/p><p>Elaboration de strat\u00e9gies de transmission du patrimoine dans un contexte fran\u00e7ais et \u00e9tranger<\/p><p>Donations, successions, testament, assurance-vie, r\u00e9gimes matrimoniaux<\/p><p>Probl\u00e9matiques li\u00e9es aux r\u00e9mun\u00e9rations des dirigeants et actionnariat salari\u00e9 (actions gratuites, stock-options, BSPCE \u2026)<\/p><p>Transmissions d\u2019entreprises dans un cadre familial ou au profit de salari\u00e9s et\/ou tiers<\/p><p>Structuration juridique et fiscale du patrimoine immobilier<\/p><p>Obligations d\u00e9claratives&nbsp;: d\u00e9claration de revenus (IR), d\u2019imp\u00f4t sur la fortune immobili\u00e8re (IFI), de trusts, de taxe de 3%<\/p><\/blockquote>\n\n\n\n<p><\/p>\n<\/div>\n<\/div>\n\n\n\n<div class=\"wp-block-columns alignwide has-primary-color has-background-background-color has-text-color has-background\" id=\"fiscalit\u00e9-des-entreprises\">\n<div class=\"wp-block-column is-vertically-aligned-center\">\n<p><\/p>\n\n\n\n<h2 class=\"has-text-align-left has-text-align-center margin-top-none\" style=\"font-size:30px;line-height:1.2\"><strong>Fiscalit\u00e9 des entreprises<\/strong><\/h2>\n\n\n\n<p><\/p>\n<\/div>\n\n\n\n<div class=\"wp-block-column is-vertically-aligned-center\" style=\"flex-basis:75.3%\">\n<blockquote class=\"wp-block-quote is-style-default\" id=\"Fiscalite-personnelle\"><p>Conseils aupr\u00e8s des PME sur des probl\u00e9matiques fiscales fran\u00e7aises et internationales lors d&#8217;op\u00e9rations courantes<\/p><p>Accompagnement dans le cadre de la gestion des obligations fiscales courantes<\/p><p>Organisation de holdings familiaux de contr\u00f4le, de rachat ou de financement des entreprises familiales<\/p><p>Mise en place de Pactes Dutreil Transmissions<\/p><\/blockquote>\n<\/div>\n<\/div>\n\n\n\n<div class=\"wp-block-columns alignwide has-foreground-dark-color has-text-color has-background\" id=\"contr\u00f4le\" style=\"background-color:#ffffff\">\n<div class=\"wp-block-column is-vertically-aligned-center\">\n<p><\/p>\n\n\n\n<h2 class=\"has-text-align-left has-text-align-center margin-top-none\" style=\"font-size:30px;line-height:1.2\"><strong>Contr\u00f4le et contentieux fiscal<\/strong><\/h2>\n\n\n\n<p><\/p>\n<\/div>\n\n\n\n<div class=\"wp-block-column is-vertically-aligned-center\" style=\"flex-basis:75.3%\">\n<blockquote class=\"wp-block-quote is-style-default\" id=\"Fiscalite-personnelle\"><p>Assistance dans le cadre de demandes de renseignements, d&#8217;ESFP et de v\u00e9rifications de comptabilit\u00e9<\/p><p>Assistance et repr\u00e9sentation devant les instances ou juridictions administratives et judiciaires<\/p><\/blockquote>\n<\/div>\n<\/div>\n\n\n\n<div class=\"wp-block-cover alignfull has-background-dim-20 has-background-dim has-parallax has-background-gradient\" style=\"background-image:url(https:\/\/felimanavocat.com\/wp-content\/uploads\/2020\/11\/pexels-pixabay-48148-scaled.jpg);min-height:380px\" id=\"Honoraires\"><span aria-hidden=\"true\" class=\"wp-block-cover__gradient-background\" style=\"background:linear-gradient(135deg,rgb(217,177,101) 0%,rgb(19,17,16) 100%)\"><\/span><div class=\"wp-block-cover__inner-container\">\n<div style=\"height:20px\" aria-hidden=\"true\" class=\"wp-block-spacer\"><\/div>\n\n\n\n<div style=\"height:20px\" aria-hidden=\"true\" class=\"wp-block-spacer\"><\/div>\n\n\n\n<hr class=\"wp-block-separator\"\/>\n\n\n\n<h1 class=\"has-text-align-center\" style=\"font-size:40px\">Honoraires<\/h1>\n\n\n\n<hr class=\"wp-block-separator\"\/>\n<\/div><\/div>\n\n\n\n<p class=\"has-drop-cap has-foreground-dark-color has-text-color has-normal-font-size\">Les prestations de conseil font g\u00e9n\u00e9ralement l\u2019objet d\u2019un montant forfaitaire hors taxes d\u2019honoraires d\u00e9termin\u00e9s en fonction de l\u2019estimation faite par l\u2019Avocat du temps \u00e0 passer sur la mission qui lui est confi\u00e9e. Cette estimation est communiqu\u00e9e en amont de la mission et doit faire l\u2019objet d\u2019un accord du client.<\/p>\n\n\n\n<p class=\"has-foreground-dark-color has-text-color has-normal-font-size\">Lorsqu\u2019une estimation du temps \u00e0 passer s\u2019av\u00e8re difficile, l\u2019Avocat communique au client un taux horaire hors taxes. <\/p>\n\n\n\n<p class=\"has-foreground-dark-color has-text-color has-normal-font-size\">Peuvent \u00e9galement \u00eatre conclus des contrats d\u2019abonnement en cas de questions r\u00e9guli\u00e8res sur l\u2019ann\u00e9e. De tels abonnements permettent au client de solliciter r\u00e9guli\u00e8rement leur avocat sur des sujets divers et vari\u00e9s en ayant au pr\u00e9alable n\u00e9goci\u00e9 un volume d\u2019heures comprenant une ou plusieurs r\u00e9unions de travail par an.<\/p>\n\n\n\n<div class=\"wp-block-cover alignfull has-background-dim-0 has-primary-background-color has-background-dim has-parallax\" style=\"background-image:url(http:\/\/felimanavocat.com\/wp-content\/uploads\/2020\/10\/fashion-person-woman-hand.jpg);min-height:380px\" id=\"Contact-F\"><div class=\"wp-block-cover__inner-container\">\n<div style=\"height:20px\" aria-hidden=\"true\" class=\"wp-block-spacer\"><\/div>\n\n\n\n<div style=\"height:20px\" aria-hidden=\"true\" class=\"wp-block-spacer\"><\/div>\n\n\n\n<hr class=\"wp-block-separator\"\/>\n\n\n\n<h1 class=\"has-text-align-center\" style=\"font-size:40px\">Contact<\/h1>\n\n\n\n<hr class=\"wp-block-separator\"\/>\n<\/div><\/div>\n\n\n\n<div class=\"wp-block-columns alignwide\">\n<div class=\"wp-block-column is-vertically-aligned-top\">\n<p style=\"font-size:22px\"><strong>Coordonn\u00e9es<\/strong><\/p>\n<\/div>\n\n\n\n<div class=\"wp-block-column is-vertically-aligned-center\">\n<p class=\"has-foreground-dark-color has-text-color has-normal-font-size\">Email : <a href=\"mailto:feliman.avocat@gmail.com\">feliman.avocat@gmail.com<\/a><\/p>\n\n\n\n<p class=\"has-foreground-dark-color has-text-color has-normal-font-size\">Direct : <a href=\"tel:+33189164052\">+33 1 89 16 40 52<\/a><\/p>\n\n\n\n<p class=\"has-foreground-dark-color has-text-color has-normal-font-size\">Mobile : <a href=\"tel:+33784694505\">+33 7 84 69 45 05<\/a><\/p>\n<\/div>\n<\/div>\n\n\n\n<div class=\"wp-block-columns alignwide\">\n<div class=\"wp-block-column is-vertically-aligned-top\">\n<p style=\"font-size:22px\"><strong>Adresse<\/strong><\/p>\n<\/div>\n\n\n\n<div class=\"wp-block-column is-vertically-aligned-center\">\n<p class=\"has-foreground-dark-color has-text-color has-normal-font-size\"><a href=\"https:\/\/goo.gl\/maps\/37V5nNx6QbKSWreP8\">70 rue Jean  de la Fontaine<\/a><\/p>\n\n\n\n<p class=\"has-foreground-dark-color has-text-color has-normal-font-size\"><a href=\"https:\/\/goo.gl\/maps\/37V5nNx6QbKSWreP8\">75016 &#8211; PARIS<\/a><\/p>\n<\/div>\n<\/div>\n\n\n\n<div class=\"wp-block-columns alignwide\">\n<div class=\"wp-block-column is-vertically-aligned-top\">\n<p style=\"font-size:22px\"><strong>Comment s&#8217;y rendre ?<\/strong><\/p>\n<\/div>\n\n\n\n<div class=\"wp-block-column is-vertically-aligned-center\">\n<p class=\"has-foreground-dark-color has-text-color has-normal-font-size\">M\u00e9tro : ligne 9, arr\u00eat Jasmin, sortie 2 &#8220;rue Ribera&#8221;<\/p>\n\n\n\n<p class=\"has-foreground-dark-color has-text-color has-normal-font-size\">RER C : arr\u00eat Kennedy Radio France  <\/p>\n\n\n\n<p class=\"has-foreground-dark-color has-text-color has-normal-font-size\">Bus RATP : n\u00b052, arr\u00eat L\u00e9opold II<\/p>\n\n\n\n<p class=\"has-foreground-dark-color has-text-color has-normal-font-size\">Parking : <a href=\"https:\/\/maps.app.goo.gl\/pfrwcQDvNDzpiRd58\">Indigo Paris Radio France<\/a><\/p>\n<\/div>\n<\/div>\n\n\n\n<div class=\"wp-block-columns alignwide are-vertically-aligned-top\">\n<div class=\"wp-block-column is-vertically-aligned-top\">\n<div data-api-key=\"pk.eyJ1IjoiYXJ0dXIxIiwiYSI6ImNraHdwbDI5djF5dncycXBiYzYyNmlxdWEifQ.83gyVZ11xMOPAxZwo57iIQ\" class=\"wp-block-jetpack-map is-style-default\" data-map-style=\"default\" data-map-details=\"true\" data-points=\"[{&quot;placeTitle&quot;:&quot;Rue Jean De La Fontaine&quot;,&quot;title&quot;:&quot;Rue Jean De La Fontaine&quot;,&quot;caption&quot;:&quot;70 Rue Jean De La Fontaine, 75016 Paris, France&quot;,&quot;id&quot;:&quot;address.1329731777368308&quot;,&quot;coordinates&quot;:{&quot;longitude&quot;:2.270223,&quot;latitude&quot;:48.85035}}]\" data-zoom=\"15\" data-map-center=\"{&quot;lng&quot;:2.270223,&quot;lat&quot;:48.85035}\" data-marker-color=\"red\" data-map-height=\"471\" data-show-fullscreen-button=\"true\"><ul><li><a href=\"https:\/\/www.google.com\/maps\/search\/?api=1&amp;query=48.85035,2.270223\">Rue Jean De La Fontaine<\/a><\/li><\/ul><\/div>\n<\/div>\n<\/div>\n\n\n\n<p class=\"has-text-align-center\"><strong><a href=\"https:\/\/felimanavocat.com\/index.php\/mentions-legales\/\">Mentions l\u00e9gales<\/a><\/strong><\/p>\n","protected":false},"excerpt":{"rendered":"<p>Forte d\u2019une exp\u00e9rience de plus de 20 ann\u00e9es dans des cabinets fran\u00e7ais et internationaux de premier plan (EY Soci\u00e9t\u00e9 d\u2019avocats, Bird &amp; Bird, DS Avocats, CMS Francis Lefebvre), Rebecca Feliman, avocate fiscaliste, a cr\u00e9\u00e9 le cabinet FELIMAN AVOCAT qui intervient dans les domaines de la fiscalit\u00e9 personnelle et patrimoniale pour une client\u00e8le fran\u00e7aise et \u00e9trang\u00e8re.<a class=\"more-link\" href=\"https:\/\/felimanavocat.com\/\">Lire la suite <span class=\"screen-reader-text\">&#8220;Page unique&#8221;<\/span><\/a><\/p>\n","protected":false},"author":1,"featured_media":0,"parent":0,"menu_order":0,"comment_status":"closed","ping_status":"closed","template":"","meta":{"spay_email":""},"_links":{"self":[{"href":"https:\/\/felimanavocat.com\/index.php\/wp-json\/wp\/v2\/pages\/707"}],"collection":[{"href":"https:\/\/felimanavocat.com\/index.php\/wp-json\/wp\/v2\/pages"}],"about":[{"href":"https:\/\/felimanavocat.com\/index.php\/wp-json\/wp\/v2\/types\/page"}],"author":[{"embeddable":true,"href":"https:\/\/felimanavocat.com\/index.php\/wp-json\/wp\/v2\/users\/1"}],"replies":[{"embeddable":true,"href":"https:\/\/felimanavocat.com\/index.php\/wp-json\/wp\/v2\/comments?post=707"}],"version-history":[{"count":15,"href":"https:\/\/felimanavocat.com\/index.php\/wp-json\/wp\/v2\/pages\/707\/revisions"}],"predecessor-version":[{"id":3173,"href":"https:\/\/felimanavocat.com\/index.php\/wp-json\/wp\/v2\/pages\/707\/revisions\/3173"}],"wp:attachment":[{"href":"https:\/\/felimanavocat.com\/index.php\/wp-json\/wp\/v2\/media?parent=707"}],"curies":[{"name":"wp","href":"https:\/\/api.w.org\/{rel}","templated":true}]}}